{"id":26,"date":"2021-02-11T13:43:57","date_gmt":"2021-02-11T12:43:57","guid":{"rendered":"http:\/\/blog-nationa-lang-fr.arnaud-bernard.org\/?page_id=26"},"modified":"2021-03-08T13:15:09","modified_gmt":"2021-03-08T12:15:09","slug":"a-propos-de-ce-blog","status":"publish","type":"page","link":"https:\/\/www.declaration-langues-langage.net\/index.php\/a-propos-de-ce-blog\/","title":{"rendered":"\u00c0 PROPOS DE CE BLOG"},"content":{"rendered":"\t\t<div data-elementor-type=\"wp-page\" data-elementor-id=\"26\" class=\"elementor elementor-26\">\n\t\t\t\t\t\t<section class=\"elementor-section elementor-top-section elementor-element elementor-element-9d26e9e elementor-section-boxed elementor-section-height-default elementor-section-height-default\" data-id=\"9d26e9e\" data-element_type=\"section\" data-e-type=\"section\">\n\t\t\t\t\t\t<div class=\"elementor-container elementor-column-gap-default\">\n\t\t\t\t\t<div class=\"elementor-column elementor-col-100 elementor-top-column elementor-element elementor-element-196e779\" data-id=\"196e779\" data-element_type=\"column\" data-e-type=\"column\" data-settings=\"{&quot;background_background&quot;:&quot;classic&quot;}\">\n\t\t\t<div class=\"elementor-widget-wrap elementor-element-populated\">\n\t\t\t\t\t\t<div class=\"elementor-element elementor-element-7ae0a9f elementor-widget elementor-widget-heading\" data-id=\"7ae0a9f\" data-element_type=\"widget\" data-e-type=\"widget\" data-widget_type=\"heading.default\">\n\t\t\t\t<div class=\"elementor-widget-container\">\n\t\t\t\t\t<h2 class=\"elementor-heading-title elementor-size-default\">A propos<\/h2>\t\t\t\t<\/div>\n\t\t\t\t<\/div>\n\t\t\t\t<div class=\"elementor-element elementor-element-926f3fe elementor-widget elementor-widget-text-editor\" data-id=\"926f3fe\" data-element_type=\"widget\" data-e-type=\"widget\" data-widget_type=\"text-editor.default\">\n\t\t\t\t<div class=\"elementor-widget-container\">\n\t\t\t\t\t\t\t\t\t<p style=\"margin-bottom: 0px; padding-top: 4px; padding-bottom: 4px; text-align: justify; color: #000000; font-family: 'Trebuchet MS', 'Bitstream Vera Sans', geneva, arial, helvetica, verdana, helve, sans-serif; font-size: 13.44px; font-style: normal; font-variant-ligatures: normal; font-variant-caps: normal; font-weight: 400; background-color: #ede7df;\"><strong style=\"font-size: 1em;\">Ce blog est \u00e9dit\u00e9 par le Carrefour Culturel Arnaud-Bernard<\/strong>.<\/p>\n<p style=\"margin-bottom: 0px; padding-top: 4px; padding-bottom: 4px; text-align: justify; color: #000000; font-family: 'Trebuchet MS', 'Bitstream Vera Sans', geneva, arial, helvetica, verdana, helve, sans-serif; font-size: 13.44px; font-style: normal; font-variant-ligatures: normal; font-variant-caps: normal; font-weight: 400; background-color: #ede7df;\">Cette association toulousaine, pr\u00e9sid\u00e9e par Claude Sicre, est \u00e0 l&rsquo;origine de multiples initiatives telles que le Forom des Langues du Monde, les conversations socratiques et les repas de quartier. Elle allie une politique d&rsquo;animation populaire par et pour le quartier Arnaud-Bernard \u00e0 Toulouse (mais aussi pour toute la ville), \u00e0 une strat\u00e9gie d&rsquo;action culturelle d&rsquo;ambition civilisatrice et de port\u00e9e universelle.<br style=\"margin: 0px; padding: 0px; border: 0px;\">Choisir d&rsquo;enraciner au plus profond d&rsquo;un quartier les plus grandes conqu\u00eates de l&rsquo;esprit humain, choisir, comme nous l&rsquo;enseigne la civilisation occitane, de faire surgir d&rsquo;un terreau des valeurs cosmopolites, telle est la double action que le Carrefour Culturel entend conjuguer.<br style=\"margin: 0px; padding: 0px; border: 0px;\"><br style=\"margin: 0px; padding: 0px; border: 0px;\"><\/p>\n<p style=\"margin-bottom: 0px; padding-top: 4px; padding-bottom: 4px; text-align: justify; color: #000000; font-family: 'Trebuchet MS', 'Bitstream Vera Sans', geneva, arial, helvetica, verdana, helve, sans-serif; font-size: 13.44px; font-style: normal; font-variant-ligatures: normal; font-variant-caps: normal; font-weight: 400; background-color: #ede7df;\"><strong style=\"font-size: 1em;\">Contact<\/strong>&nbsp;:<br style=\"margin: 0px; padding: 0px; border: 0px;\">Carrefour Culturel Arnaud-Bernard<br style=\"margin: 0px; padding: 0px; border: 0px;\">Si\u00e8ge social&nbsp;: 5, rue Arnaud-Bernard &#8211; 31000 TOULOUSE<br style=\"margin: 0px; padding: 0px; border: 0px;\">Bureaux&nbsp;: 3, rue Escoussi\u00e8res Arnaud-Bernard &#8211; 31000 TOULOUSE<br style=\"margin: 0px; padding: 0px; border: 0px;\">T\u00e9l: 05.61.12.11.16 &#8211; Fax: 05.61.13.68.23<br style=\"margin: 0px; padding: 0px; border: 0px;\">Courriel: carrefourculturel@arnaud-bernard.net<\/p>\n<p style=\"margin-bottom: 0px; padding-top: 4px; padding-bottom: 4px; text-align: justify; color: #000000; font-family: 'Trebuchet MS', 'Bitstream Vera Sans', geneva, arial, helvetica, verdana, helve, sans-serif; font-size: 13.44px; font-style: normal; font-variant-ligatures: normal; font-variant-caps: normal; font-weight: 400; background-color: #ede7df;\"><strong style=\"font-size: 1em;\">Responsable de la publication<\/strong>&nbsp;: Claude Sicre<\/p>\n<p style=\"margin-bottom: 0px; padding-top: 4px; padding-bottom: 4px; text-align: justify; color: #000000; font-family: 'Trebuchet MS', 'Bitstream Vera Sans', geneva, arial, helvetica, verdana, helve, sans-serif; font-size: 13.44px; font-style: normal; font-variant-ligatures: normal; font-variant-caps: normal; font-weight: 400; background-color: #ede7df;\">\n<\/p><p style=\"margin-bottom: 0px; padding-top: 4px; padding-bottom: 4px; text-align: justify; color: #000000; font-family: 'Trebuchet MS', 'Bitstream Vera Sans', geneva, arial, helvetica, verdana, helve, sans-serif; font-size: 13.44px; font-style: normal; font-variant-ligatures: normal; font-variant-caps: normal; font-weight: 400; background-color: #ede7df;\"><strong style=\"font-size: 1em;\">Mod\u00e9ration du blog<\/strong><br style=\"margin: 0px; padding: 0px; border: 0px;\">Les commentaires sont mod\u00e9r\u00e9s a priori. Ne postez pas plusieurs fois votre commentaire si vous ne le voyez pas appara\u00eetre de suite.<\/p>\n<p style=\"margin-bottom: 0px; padding-top: 4px; padding-bottom: 4px; text-align: justify; color: #000000; font-family: 'Trebuchet MS', 'Bitstream Vera Sans', geneva, arial, helvetica, verdana, helve, sans-serif; font-size: 13.44px; font-style: normal; font-variant-ligatures: normal; font-variant-caps: normal; font-weight: 400; background-color: #ede7df;\">\n<\/p><p style=\"margin-bottom: 0px; padding-top: 4px; padding-bottom: 4px; text-align: justify; color: #000000; font-family: 'Trebuchet MS', 'Bitstream Vera Sans', geneva, arial, helvetica, verdana, helve, sans-serif; font-size: 13.44px; font-style: normal; font-variant-ligatures: normal; font-variant-caps: normal; font-weight: 400; background-color: #ede7df;\"><strong style=\"font-size: 1em;\">Cr\u00e9dits<\/strong><br style=\"margin: 0px; padding: 0px; border: 0px;\">Ce blog utilise la plateforme de WordPress.<br style=\"margin: 0px; padding: 0px; border: 0px;\">Web design&nbsp;:&nbsp;<a style=\"color: #1a4e77; text-decoration-line: underline;\" href=\"http:\/\/www.cardabelle.fr\/georges.souche.htm\">Georges Souche<\/a>&nbsp;<a style=\"border-width: initial; border-style: none; color: #1a4e77; text-decoration-line: underline;\" href=\"http:\/\/www.cardabelle.fr\/georges.souche.htm\"><img decoding=\"async\" style=\"border-width: 0px; border-style: initial;\" title=\"Ouvrir ce lien dans une nouvelle fen\u00eatre\" src=\"http:\/\/www.nationalisation-langues-de-france.net\/?pf=externalLinks\/img\/external.gif\" alt=\"\"><\/a><\/p>\n<p style=\"margin-bottom: 0px; padding-top: 4px; padding-bottom: 4px; text-align: justify; color: #000000; font-family: 'Trebuchet MS', 'Bitstream Vera Sans', geneva, arial, helvetica, verdana, helve, sans-serif; font-size: 13.44px; font-style: normal; font-variant-ligatures: normal; font-variant-caps: normal; font-weight: 400; background-color: #ede7df;\"><strong style=\"font-size: 1em;\">H\u00e9bergement<\/strong><br style=\"margin: 0px; padding: 0px; border: 0px;\">Ce blog est h\u00e9berg\u00e9 par OVH<\/p>\n<p style=\"margin-bottom: 0px; padding-top: 4px; padding-bottom: 4px; text-align: justify; color: #000000; font-family: 'Trebuchet MS', 'Bitstream Vera Sans', geneva, arial, helvetica, verdana, helve, sans-serif; font-size: 13.44px; font-style: normal; font-variant-ligatures: normal; font-variant-caps: normal; font-weight: 400; background-color: #ede7df;\">\n<\/p><p style=\"margin-bottom: 0px; padding-top: 4px; padding-bottom: 4px; text-align: justify; color: #000000; font-family: 'Trebuchet MS', 'Bitstream Vera Sans', geneva, arial, helvetica, verdana, helve, sans-serif; font-size: 13.44px; font-style: normal; font-variant-ligatures: normal; font-variant-caps: normal; font-weight: 400; background-color: #ede7df;\"><strong style=\"font-size: 1em;\">Donn\u00e9es personnelles<\/strong><br style=\"margin: 0px; padding: 0px; border: 0px;\">Les donn\u00e9es personnelles collect\u00e9es par ce site sont uniquement destin\u00e9es \u00e0 un usage interne. En aucun cas ces donn\u00e9es ne seront c\u00e9d\u00e9es ou vendues \u00e0 des tiers.<\/p>\t\t\t\t\t\t\t\t<\/div>\n\t\t\t\t<\/div>\n\t\t\t\t\t<\/div>\n\t\t<\/div>\n\t\t\t\t\t<\/div>\n\t\t<\/section>\n\t\t\t\t<\/div>\n\t\t","protected":false},"excerpt":{"rendered":"<p>A propos Ce blog est \u00e9dit\u00e9 par le Carrefour Culturel Arnaud-Bernard. Cette association toulousaine, pr\u00e9sid\u00e9e par Claude Sicre, est \u00e0 l&rsquo;origine de multiples initiatives telles que le Forom des Langues du Monde, les conversations socratiques et les repas de quartier. Elle allie une politique d&rsquo;animation populaire par et pour le quartier Arnaud-Bernard \u00e0 Toulouse (mais [&hellip;]<\/p>\n","protected":false},"author":1,"featured_media":0,"parent":0,"menu_order":0,"comment_status":"closed","ping_status":"closed","template":"","meta":{"ocean_post_layout":"","ocean_both_sidebars_style":"","ocean_both_sidebars_content_width":0,"ocean_both_sidebars_sidebars_width":0,"ocean_sidebar":"0","ocean_second_sidebar":"0","ocean_disable_margins":"enable","ocean_add_body_class":"","ocean_shortcode_before_top_bar":"","ocean_shortcode_after_top_bar":"","ocean_shortcode_before_header":"","ocean_shortcode_after_header":"","ocean_has_shortcode":"","ocean_shortcode_after_title":"","ocean_shortcode_before_footer_widgets":"","ocean_shortcode_after_footer_widgets":"","ocean_shortcode_before_footer_bottom":"","ocean_shortcode_after_footer_bottom":"","ocean_display_top_bar":"default","ocean_display_header":"default","ocean_header_style":"","ocean_center_header_left_menu":"0","ocean_custom_header_template":"0","ocean_custom_logo":0,"ocean_custom_retina_logo":0,"ocean_custom_logo_max_width":0,"ocean_custom_logo_tablet_max_width":0,"ocean_custom_logo_mobile_max_width":0,"ocean_custom_logo_max_height":0,"ocean_custom_logo_tablet_max_height":0,"ocean_custom_logo_mobile_max_height":0,"ocean_header_custom_menu":"0","ocean_menu_typo_font_family":"0","ocean_menu_typo_font_subset":"","ocean_menu_typo_font_size":0,"ocean_menu_typo_font_size_tablet":0,"ocean_menu_typo_font_size_mobile":0,"ocean_menu_typo_font_size_unit":"px","ocean_menu_typo_font_weight":"","ocean_menu_typo_font_weight_tablet":"","ocean_menu_typo_font_weight_mobile":"","ocean_menu_typo_transform":"","ocean_menu_typo_transform_tablet":"","ocean_menu_typo_transform_mobile":"","ocean_menu_typo_line_height":0,"ocean_menu_typo_line_height_tablet":0,"ocean_menu_typo_line_height_mobile":0,"ocean_menu_typo_line_height_unit":"","ocean_menu_typo_spacing":0,"ocean_menu_typo_spacing_tablet":0,"ocean_menu_typo_spacing_mobile":0,"ocean_menu_typo_spacing_unit":"","ocean_menu_link_color":"","ocean_menu_link_color_hover":"","ocean_menu_link_color_active":"","ocean_menu_link_background":"","ocean_menu_link_hover_background":"","ocean_menu_link_active_background":"","ocean_menu_social_links_bg":"","ocean_menu_social_hover_links_bg":"","ocean_menu_social_links_color":"","ocean_menu_social_hover_links_color":"","ocean_disable_title":"default","ocean_disable_heading":"default","ocean_post_title":"","ocean_post_subheading":"","ocean_post_title_style":"","ocean_post_title_background_color":"","ocean_post_title_background":0,"ocean_post_title_bg_image_position":"","ocean_post_title_bg_image_attachment":"","ocean_post_title_bg_image_repeat":"","ocean_post_title_bg_image_size":"","ocean_post_title_height":0,"ocean_post_title_bg_overlay":0.5,"ocean_post_title_bg_overlay_color":"","ocean_disable_breadcrumbs":"default","ocean_breadcrumbs_color":"","ocean_breadcrumbs_separator_color":"","ocean_breadcrumbs_links_color":"","ocean_breadcrumbs_links_hover_color":"","ocean_display_footer_widgets":"default","ocean_display_footer_bottom":"default","ocean_custom_footer_template":"0","footnotes":""},"class_list":["post-26","page","type-page","status-publish","hentry","entry"],"_links":{"self":[{"href":"https:\/\/www.declaration-langues-langage.net\/index.php\/wp-json\/wp\/v2\/pages\/26","targetHints":{"allow":["GET"]}}],"collection":[{"href":"https:\/\/www.declaration-langues-langage.net\/index.php\/wp-json\/wp\/v2\/pages"}],"about":[{"href":"https:\/\/www.declaration-langues-langage.net\/index.php\/wp-json\/wp\/v2\/types\/page"}],"author":[{"embeddable":true,"href":"https:\/\/www.declaration-langues-langage.net\/index.php\/wp-json\/wp\/v2\/users\/1"}],"replies":[{"embeddable":true,"href":"https:\/\/www.declaration-langues-langage.net\/index.php\/wp-json\/wp\/v2\/comments?post=26"}],"version-history":[{"count":0,"href":"https:\/\/www.declaration-langues-langage.net\/index.php\/wp-json\/wp\/v2\/pages\/26\/revisions"}],"wp:attachment":[{"href":"https:\/\/www.declaration-langues-langage.net\/index.php\/wp-json\/wp\/v2\/media?parent=26"}],"curies":[{"name":"wp","href":"https:\/\/api.w.org\/{rel}","templated":true}]}}